{"id":85,"date":"2021-11-21T18:30:55","date_gmt":"2021-11-21T17:30:55","guid":{"rendered":"https:\/\/xl-hop.com\/?page_id=85"},"modified":"2024-01-21T13:15:50","modified_gmt":"2024-01-21T11:15:50","slug":"mentions-legales","status":"publish","type":"page","link":"https:\/\/xl-hop.com\/index.php\/mentions-legales\/","title":{"rendered":"Mentions l\u00e9gales"},"content":{"rendered":"\t\t<div data-elementor-type=\"wp-page\" data-elementor-id=\"85\" class=\"elementor elementor-85\" data-elementor-post-type=\"page\">\n\t\t\t\t\t\t<section class=\"elementor-section elementor-top-section elementor-element elementor-element-586a138 elementor-section-boxed elementor-section-height-default elementor-section-height-default\" data-id=\"586a138\" data-element_type=\"section\" data-e-type=\"section\">\n\t\t\t\t\t\t<div class=\"elementor-container elementor-column-gap-default\">\n\t\t\t\t\t<div class=\"elementor-column elementor-col-100 elementor-top-column elementor-element elementor-element-ae08c6b\" data-id=\"ae08c6b\" data-element_type=\"column\" data-e-type=\"column\">\n\t\t\t<div class=\"elementor-widget-wrap elementor-element-populated\">\n\t\t\t\t\t\t<div class=\"elementor-element elementor-element-5b6a71b elementor-widget elementor-widget-heading\" data-id=\"5b6a71b\" data-element_type=\"widget\" data-e-type=\"widget\" data-widget_type=\"heading.default\">\n\t\t\t\t\t<h1 class=\"elementor-heading-title elementor-size-default\">MENTIONS LEGALES<\/h1>\t\t\t\t<\/div>\n\t\t\t\t\t<\/div>\n\t\t<\/div>\n\t\t\t\t\t<\/div>\n\t\t<\/section>\n\t\t\t\t<section class=\"elementor-section elementor-top-section elementor-element elementor-element-b3e16ea elementor-section-boxed elementor-section-height-default elementor-section-height-default\" data-id=\"b3e16ea\" data-element_type=\"section\" data-e-type=\"section\">\n\t\t\t\t\t\t<div class=\"elementor-container elementor-column-gap-default\">\n\t\t\t\t\t<div class=\"elementor-column elementor-col-100 elementor-top-column elementor-element elementor-element-9822628\" data-id=\"9822628\" data-element_type=\"column\" data-e-type=\"column\">\n\t\t\t<div class=\"elementor-widget-wrap elementor-element-populated\">\n\t\t\t\t\t\t<div class=\"elementor-element elementor-element-b821b9b elementor-widget elementor-widget-heading\" data-id=\"b821b9b\" data-element_type=\"widget\" data-e-type=\"widget\" data-widget_type=\"heading.default\">\n\t\t\t\t\t<h2 class=\"elementor-heading-title elementor-size-default\">Editeur<\/h2>\t\t\t\t<\/div>\n\t\t\t\t<div class=\"elementor-element elementor-element-1bb6cf0 elementor-widget elementor-widget-text-editor\" data-id=\"1bb6cf0\" data-element_type=\"widget\" data-e-type=\"widget\" data-widget_type=\"text-editor.default\">\n\t\t\t\t\t\t\t\t\t<p>Site \u00e9dit\u00e9 par XL Hop, 74 avenue Jean-Baptiste Champeval, 94000 Cr\u00e9teil (num\u00e9ro d&#8217;immatriculation au RCS de Cr\u00e9teil : B 901 387 308).<\/p>\t\t\t\t\t\t\t\t<\/div>\n\t\t\t\t\t<\/div>\n\t\t<\/div>\n\t\t\t\t\t<\/div>\n\t\t<\/section>\n\t\t\t\t<section class=\"elementor-section elementor-top-section elementor-element elementor-element-0650b6d elementor-section-boxed elementor-section-height-default elementor-section-height-default\" data-id=\"0650b6d\" data-element_type=\"section\" data-e-type=\"section\">\n\t\t\t\t\t\t<div class=\"elementor-container elementor-column-gap-default\">\n\t\t\t\t\t<div class=\"elementor-column elementor-col-100 elementor-top-column elementor-element elementor-element-be328ed\" data-id=\"be328ed\" data-element_type=\"column\" data-e-type=\"column\">\n\t\t\t<div class=\"elementor-widget-wrap elementor-element-populated\">\n\t\t\t\t\t\t<div class=\"elementor-element elementor-element-3f4aff7 elementor-widget elementor-widget-heading\" data-id=\"3f4aff7\" data-element_type=\"widget\" data-e-type=\"widget\" data-widget_type=\"heading.default\">\n\t\t\t\t\t<h2 class=\"elementor-heading-title elementor-size-default\">Conditions d'utilisation<\/h2>\t\t\t\t<\/div>\n\t\t\t\t<div class=\"elementor-element elementor-element-8dad7e8 elementor-widget elementor-widget-text-editor\" data-id=\"8dad7e8\" data-element_type=\"widget\" data-e-type=\"widget\" data-widget_type=\"text-editor.default\">\n\t\t\t\t\t\t\t\t\t<p>L&#8217;utilisation du pr\u00e9sent site implique l&#8217;acceptation pleine et enti\u00e8re des conditions g\u00e9n\u00e9rales d&#8217;utilisation d\u00e9crites ci-apr\u00e8s. Ces conditions d&#8217;utilisation sont susceptibles d&#8217;\u00eatre modifi\u00e9es ou compl\u00e9t\u00e9es \u00e0 tout moment.<\/p>\t\t\t\t\t\t\t\t<\/div>\n\t\t\t\t\t<\/div>\n\t\t<\/div>\n\t\t\t\t\t<\/div>\n\t\t<\/section>\n\t\t\t\t<section class=\"elementor-section elementor-top-section elementor-element elementor-element-032d9af elementor-section-boxed elementor-section-height-default elementor-section-height-default\" data-id=\"032d9af\" data-element_type=\"section\" data-e-type=\"section\">\n\t\t\t\t\t\t<div class=\"elementor-container elementor-column-gap-default\">\n\t\t\t\t\t<div class=\"elementor-column elementor-col-100 elementor-top-column elementor-element elementor-element-fb9bff1\" data-id=\"fb9bff1\" data-element_type=\"column\" data-e-type=\"column\">\n\t\t\t<div class=\"elementor-widget-wrap elementor-element-populated\">\n\t\t\t\t\t\t<div class=\"elementor-element elementor-element-88990e1 elementor-widget elementor-widget-heading\" data-id=\"88990e1\" data-element_type=\"widget\" data-e-type=\"widget\" data-widget_type=\"heading.default\">\n\t\t\t\t\t<h2 class=\"elementor-heading-title elementor-size-default\">Propri\u00e9t\u00e9 intellectuelle<\/h2>\t\t\t\t<\/div>\n\t\t\t\t<div class=\"elementor-element elementor-element-714294b elementor-widget elementor-widget-text-editor\" data-id=\"714294b\" data-element_type=\"widget\" data-e-type=\"widget\" data-widget_type=\"text-editor.default\">\n\t\t\t\t\t\t\t\t\t<p>Tous les \u00e9l\u00e9ments du pr\u00e9sent site sont la propri\u00e9t\u00e9 de XL Hop et sont ainsi prot\u00e9g\u00e9s par la l\u00e9gislation relative aux droits de propri\u00e9t\u00e9 intellectuelles et aux bases de donn\u00e9es.<\/p>\t\t\t\t\t\t\t\t<\/div>\n\t\t\t\t\t<\/div>\n\t\t<\/div>\n\t\t\t\t\t<\/div>\n\t\t<\/section>\n\t\t\t\t<section class=\"elementor-section elementor-top-section elementor-element elementor-element-6aba0b1 elementor-section-boxed elementor-section-height-default elementor-section-height-default\" data-id=\"6aba0b1\" data-element_type=\"section\" data-e-type=\"section\">\n\t\t\t\t\t\t<div class=\"elementor-container elementor-column-gap-default\">\n\t\t\t\t\t<div class=\"elementor-column elementor-col-100 elementor-top-column elementor-element elementor-element-2bf7025\" data-id=\"2bf7025\" data-element_type=\"column\" data-e-type=\"column\">\n\t\t\t<div class=\"elementor-widget-wrap elementor-element-populated\">\n\t\t\t\t\t\t<div class=\"elementor-element elementor-element-9615117 elementor-widget elementor-widget-heading\" data-id=\"9615117\" data-element_type=\"widget\" data-e-type=\"widget\" data-widget_type=\"heading.default\">\n\t\t\t\t\t<h2 class=\"elementor-heading-title elementor-size-default\">Informations<\/h2>\t\t\t\t<\/div>\n\t\t\t\t<div class=\"elementor-element elementor-element-d3316a4 elementor-widget elementor-widget-text-editor\" data-id=\"d3316a4\" data-element_type=\"widget\" data-e-type=\"widget\" data-widget_type=\"text-editor.default\">\n\t\t\t\t\t\t\t\t\t<p>Les informations fournies sur le pr\u00e9sent site le sont \u00e0 titre informatif. XL Hop ne saurait en effet garantir leur exactitude, leur compl\u00e9tude et\/ou leur actualit\u00e9. XL Hop ne saurait donc \u00eatre tenue pour responsable d&#8217;erreurs ou d&#8217;omissions en mati\u00e8re d&#8217;informations et encore moins de dommages directs ou indirects r\u00e9sultant de l&#8217;utilisation de ce site.<\/p>\t\t\t\t\t\t\t\t<\/div>\n\t\t\t\t\t<\/div>\n\t\t<\/div>\n\t\t\t\t\t<\/div>\n\t\t<\/section>\n\t\t\t\t<section class=\"elementor-section elementor-top-section elementor-element elementor-element-e436270 elementor-section-boxed elementor-section-height-default elementor-section-height-default\" data-id=\"e436270\" data-element_type=\"section\" data-e-type=\"section\">\n\t\t\t\t\t\t<div class=\"elementor-container elementor-column-gap-default\">\n\t\t\t\t\t<div class=\"elementor-column elementor-col-100 elementor-top-column elementor-element elementor-element-d881cec\" data-id=\"d881cec\" data-element_type=\"column\" data-e-type=\"column\">\n\t\t\t<div class=\"elementor-widget-wrap elementor-element-populated\">\n\t\t\t\t\t\t<div class=\"elementor-element elementor-element-0bab727 elementor-widget elementor-widget-heading\" data-id=\"0bab727\" data-element_type=\"widget\" data-e-type=\"widget\" data-widget_type=\"heading.default\">\n\t\t\t\t\t<h2 class=\"elementor-heading-title elementor-size-default\">Donn\u00e9es personnelles<\/h2>\t\t\t\t<\/div>\n\t\t\t\t<div class=\"elementor-element elementor-element-3446bf5 elementor-widget elementor-widget-text-editor\" data-id=\"3446bf5\" data-element_type=\"widget\" data-e-type=\"widget\" data-widget_type=\"text-editor.default\">\n\t\t\t\t\t\t\t\t\t<p>Conform\u00e9ment \u00e0 la r\u00e9glementation sur la protection des donn\u00e9es personnelles, vous pouvez exercer vos droits en \u00e9crivant par email \u00e0 contact@xl-hop.com ou par courrier \u00e0 XL Hop, 74 avenue Jean-Baptiste Champeval, 94000 Cr\u00e9teil.<\/p>\t\t\t\t\t\t\t\t<\/div>\n\t\t\t\t\t<\/div>\n\t\t<\/div>\n\t\t\t\t\t<\/div>\n\t\t<\/section>\n\t\t\t\t<\/div>\n\t\t","protected":false},"excerpt":{"rendered":"<p>MENTIONS LEGALES Editeur Site \u00e9dit\u00e9 par XL Hop, 74 avenue Jean-Baptiste Champeval, 94000 Cr\u00e9teil (num\u00e9ro d&#8217;immatriculation au RCS de Cr\u00e9teil : B 901 387 308). Conditions d&#8217;utilisation L&#8217;utilisation du pr\u00e9sent site implique l&#8217;acceptation pleine et enti\u00e8re des conditions g\u00e9n\u00e9rales d&#8217;utilisation d\u00e9crites ci-apr\u00e8s. Ces conditions d&#8217;utilisation sont susceptibles d&#8217;\u00eatre modifi\u00e9es ou compl\u00e9t\u00e9es \u00e0 tout moment. Propri\u00e9t\u00e9 [&hellip;]<\/p>\n","protected":false},"author":1,"featured_media":0,"parent":0,"menu_order":0,"comment_status":"closed","ping_status":"closed","template":"","meta":{"footnotes":""},"class_list":["post-85","page","type-page","status-publish","hentry"],"_links":{"self":[{"href":"https:\/\/xl-hop.com\/index.php\/wp-json\/wp\/v2\/pages\/85","targetHints":{"allow":["GET"]}}],"collection":[{"href":"https:\/\/xl-hop.com\/index.php\/wp-json\/wp\/v2\/pages"}],"about":[{"href":"https:\/\/xl-hop.com\/index.php\/wp-json\/wp\/v2\/types\/page"}],"author":[{"embeddable":true,"href":"https:\/\/xl-hop.com\/index.php\/wp-json\/wp\/v2\/users\/1"}],"replies":[{"embeddable":true,"href":"https:\/\/xl-hop.com\/index.php\/wp-json\/wp\/v2\/comments?post=85"}],"version-history":[{"count":61,"href":"https:\/\/xl-hop.com\/index.php\/wp-json\/wp\/v2\/pages\/85\/revisions"}],"predecessor-version":[{"id":1996,"href":"https:\/\/xl-hop.com\/index.php\/wp-json\/wp\/v2\/pages\/85\/revisions\/1996"}],"wp:attachment":[{"href":"https:\/\/xl-hop.com\/index.php\/wp-json\/wp\/v2\/media?parent=85"}],"curies":[{"name":"wp","href":"https:\/\/api.w.org\/{rel}","templated":true}]}}