{"id":83,"date":"2021-11-21T18:30:44","date_gmt":"2021-11-21T17:30:44","guid":{"rendered":"https:\/\/xl-hop.com\/?page_id=83"},"modified":"2024-01-21T13:16:05","modified_gmt":"2024-01-21T11:16:05","slug":"politique-de-confidentialite","status":"publish","type":"page","link":"https:\/\/xl-hop.com\/index.php\/politique-de-confidentialite\/","title":{"rendered":"Politique de confidentialit\u00e9"},"content":{"rendered":"\t\t<div data-elementor-type=\"wp-page\" data-elementor-id=\"83\" class=\"elementor elementor-83\" data-elementor-post-type=\"page\">\n\t\t\t\t\t\t<section class=\"elementor-section elementor-top-section elementor-element elementor-element-622ed30 elementor-section-boxed elementor-section-height-default elementor-section-height-default\" data-id=\"622ed30\" data-element_type=\"section\" data-e-type=\"section\">\n\t\t\t\t\t\t<div class=\"elementor-container elementor-column-gap-default\">\n\t\t\t\t\t<div class=\"elementor-column elementor-col-100 elementor-top-column elementor-element elementor-element-bb48a2a\" data-id=\"bb48a2a\" data-element_type=\"column\" data-e-type=\"column\">\n\t\t\t<div class=\"elementor-widget-wrap elementor-element-populated\">\n\t\t\t\t\t\t<div class=\"elementor-element elementor-element-6a09e9f elementor-widget elementor-widget-heading\" data-id=\"6a09e9f\" data-element_type=\"widget\" data-e-type=\"widget\" data-widget_type=\"heading.default\">\n\t\t\t\t\t<h1 class=\"elementor-heading-title elementor-size-default\">NOTRE POLITIQUE<\/h1>\t\t\t\t<\/div>\n\t\t\t\t\t<\/div>\n\t\t<\/div>\n\t\t\t\t\t<\/div>\n\t\t<\/section>\n\t\t\t\t<section class=\"elementor-section elementor-top-section elementor-element elementor-element-cab3cbf elementor-section-boxed elementor-section-height-default elementor-section-height-default\" data-id=\"cab3cbf\" data-element_type=\"section\" data-e-type=\"section\">\n\t\t\t\t\t\t<div class=\"elementor-container elementor-column-gap-default\">\n\t\t\t\t\t<div class=\"elementor-column elementor-col-100 elementor-top-column elementor-element elementor-element-1ae5cd7\" data-id=\"1ae5cd7\" data-element_type=\"column\" data-e-type=\"column\">\n\t\t\t<div class=\"elementor-widget-wrap elementor-element-populated\">\n\t\t\t\t\t\t<div class=\"elementor-element elementor-element-e976e17 elementor-widget elementor-widget-heading\" data-id=\"e976e17\" data-element_type=\"widget\" data-e-type=\"widget\" data-widget_type=\"heading.default\">\n\t\t\t\t\t<h2 class=\"elementor-heading-title elementor-size-default\">Notre priorit\u00e9<\/h2>\t\t\t\t<\/div>\n\t\t\t\t<div class=\"elementor-element elementor-element-bb3715a elementor-widget elementor-widget-text-editor\" data-id=\"bb3715a\" data-element_type=\"widget\" data-e-type=\"widget\" data-widget_type=\"text-editor.default\">\n\t\t\t\t\t\t\t\t\t<p><span style=\"color: #777777; font-family: Arial, Helvetica, sans-serif; text-align: justify;\">Chez XL Hop, la protection de vos donn\u00e9es est notre priorit\u00e9. C&#8217;est pourquoi nous nous engageons \u00e0 traiter et prot\u00e9ger vos donn\u00e9es personnelles re\u00e7ues via notre site ou nos boites de messagerie \u00e9lectronique conform\u00e9ment \u00e0 la r\u00e9glementation en vigueur.<\/span><\/p>\t\t\t\t\t\t\t\t<\/div>\n\t\t\t\t\t<\/div>\n\t\t<\/div>\n\t\t\t\t\t<\/div>\n\t\t<\/section>\n\t\t\t\t<section class=\"elementor-section elementor-top-section elementor-element elementor-element-a76544d elementor-section-boxed elementor-section-height-default elementor-section-height-default\" data-id=\"a76544d\" data-element_type=\"section\" data-e-type=\"section\">\n\t\t\t\t\t\t<div class=\"elementor-container elementor-column-gap-default\">\n\t\t\t\t\t<div class=\"elementor-column elementor-col-100 elementor-top-column elementor-element elementor-element-2bccb06\" data-id=\"2bccb06\" data-element_type=\"column\" data-e-type=\"column\">\n\t\t\t<div class=\"elementor-widget-wrap elementor-element-populated\">\n\t\t\t\t\t\t<div class=\"elementor-element elementor-element-c7187fa elementor-widget elementor-widget-heading\" data-id=\"c7187fa\" data-element_type=\"widget\" data-e-type=\"widget\" data-widget_type=\"heading.default\">\n\t\t\t\t\t<h2 class=\"elementor-heading-title elementor-size-default\">Publicit\u00e9<\/h2>\t\t\t\t<\/div>\n\t\t\t\t<div class=\"elementor-element elementor-element-ec31dae elementor-widget elementor-widget-text-editor\" data-id=\"ec31dae\" data-element_type=\"widget\" data-e-type=\"widget\" data-widget_type=\"text-editor.default\">\n\t\t\t\t\t\t\t\t\t<p>Nous ne partageons aucune de vos informations avec des tiers, quels qu&#8217;ils soient.<\/p>\t\t\t\t\t\t\t\t<\/div>\n\t\t\t\t\t<\/div>\n\t\t<\/div>\n\t\t\t\t\t<\/div>\n\t\t<\/section>\n\t\t\t\t<section class=\"elementor-section elementor-top-section elementor-element elementor-element-9a8b5ed elementor-section-boxed elementor-section-height-default elementor-section-height-default\" data-id=\"9a8b5ed\" data-element_type=\"section\" data-e-type=\"section\">\n\t\t\t\t\t\t<div class=\"elementor-container elementor-column-gap-default\">\n\t\t\t\t\t<div class=\"elementor-column elementor-col-100 elementor-top-column elementor-element elementor-element-9321b3c\" data-id=\"9321b3c\" data-element_type=\"column\" data-e-type=\"column\">\n\t\t\t<div class=\"elementor-widget-wrap elementor-element-populated\">\n\t\t\t\t\t\t<div class=\"elementor-element elementor-element-1a993f2 elementor-widget elementor-widget-heading\" data-id=\"1a993f2\" data-element_type=\"widget\" data-e-type=\"widget\" data-widget_type=\"heading.default\">\n\t\t\t\t\t<h2 class=\"elementor-heading-title elementor-size-default\">Stockage d'informations<\/h2>\t\t\t\t<\/div>\n\t\t\t\t<div class=\"elementor-element elementor-element-91d39dd elementor-widget elementor-widget-text-editor\" data-id=\"91d39dd\" data-element_type=\"widget\" data-e-type=\"widget\" data-widget_type=\"text-editor.default\">\n\t\t\t\t\t\t\t\t\t<p>L<span style=\"color: #777777; font-family: Arial, Helvetica, sans-serif; text-align: justify; font-weight: var( --e-global-typography-text-font-weight ); font-size: 1rem;\">es donn\u00e9es personnelles collect\u00e9es de la transmission d\u2019un besoin sont conserv\u00e9es pendant une p\u00e9riode d&#8217;une ann\u00e9e.<\/span><\/p>\t\t\t\t\t\t\t\t<\/div>\n\t\t\t\t\t<\/div>\n\t\t<\/div>\n\t\t\t\t\t<\/div>\n\t\t<\/section>\n\t\t\t\t<section class=\"elementor-section elementor-top-section elementor-element elementor-element-9812136 elementor-section-boxed elementor-section-height-default elementor-section-height-default\" data-id=\"9812136\" data-element_type=\"section\" data-e-type=\"section\">\n\t\t\t\t\t\t<div class=\"elementor-container elementor-column-gap-default\">\n\t\t\t\t\t<div class=\"elementor-column elementor-col-100 elementor-top-column elementor-element elementor-element-d36233b\" data-id=\"d36233b\" data-element_type=\"column\" data-e-type=\"column\">\n\t\t\t<div class=\"elementor-widget-wrap elementor-element-populated\">\n\t\t\t\t\t\t<div class=\"elementor-element elementor-element-f4338a6 elementor-widget elementor-widget-heading\" data-id=\"f4338a6\" data-element_type=\"widget\" data-e-type=\"widget\" data-widget_type=\"heading.default\">\n\t\t\t\t\t<h2 class=\"elementor-heading-title elementor-size-default\">Droits sur les donn\u00e9es personnelles<\/h2>\t\t\t\t<\/div>\n\t\t\t\t<div class=\"elementor-element elementor-element-ae2aced elementor-widget elementor-widget-text-editor\" data-id=\"ae2aced\" data-element_type=\"widget\" data-e-type=\"widget\" data-widget_type=\"text-editor.default\">\n\t\t\t\t\t\t\t\t\t<p><span style=\"color: var( --e-global-color-text ); font-family: var( --e-global-typography-text-font-family ), Sans-serif; font-weight: var( --e-global-typography-text-font-weight ); font-size: 1rem;\">Pour exercer vos droits, notamment en mati\u00e8re de consultation de vos donn\u00e9es personnelles, leur mise \u00e0 jour ou leur suppression, veuillez nous contacter par email, via les donn\u00e9es de contact renseign\u00e9es sur notre site.<\/span><\/p>\t\t\t\t\t\t\t\t<\/div>\n\t\t\t\t\t<\/div>\n\t\t<\/div>\n\t\t\t\t\t<\/div>\n\t\t<\/section>\n\t\t\t\t<section class=\"elementor-section elementor-top-section elementor-element elementor-element-0825857 elementor-section-boxed elementor-section-height-default elementor-section-height-default\" data-id=\"0825857\" data-element_type=\"section\" data-e-type=\"section\">\n\t\t\t\t\t\t<div class=\"elementor-container elementor-column-gap-default\">\n\t\t\t\t\t<div class=\"elementor-column elementor-col-100 elementor-top-column elementor-element elementor-element-6eef019\" data-id=\"6eef019\" data-element_type=\"column\" data-e-type=\"column\">\n\t\t\t<div class=\"elementor-widget-wrap elementor-element-populated\">\n\t\t\t\t\t\t<div class=\"elementor-element elementor-element-26e8e47 elementor-widget elementor-widget-heading\" data-id=\"26e8e47\" data-element_type=\"widget\" data-e-type=\"widget\" data-widget_type=\"heading.default\">\n\t\t\t\t\t<h2 class=\"elementor-heading-title elementor-size-default\">Finalit\u00e9<\/h2>\t\t\t\t<\/div>\n\t\t\t\t<div class=\"elementor-element elementor-element-44d98cb elementor-widget elementor-widget-text-editor\" data-id=\"44d98cb\" data-element_type=\"widget\" data-e-type=\"widget\" data-widget_type=\"text-editor.default\">\n\t\t\t\t\t\t\t\t\t<p>Les informations collect\u00e9es sont utilis\u00e9es \u00e0 des fins d&#8217;am\u00e9lioration, de notre site d&#8217;une part, et de votre exp\u00e9rience utilisateur d&#8217;autre part.<\/p>\t\t\t\t\t\t\t\t<\/div>\n\t\t\t\t\t<\/div>\n\t\t<\/div>\n\t\t\t\t\t<\/div>\n\t\t<\/section>\n\t\t\t\t<\/div>\n\t\t","protected":false},"excerpt":{"rendered":"<p>NOTRE POLITIQUE Notre priorit\u00e9 Chez XL Hop, la protection de vos donn\u00e9es est notre priorit\u00e9. C&#8217;est pourquoi nous nous engageons \u00e0 traiter et prot\u00e9ger vos donn\u00e9es personnelles re\u00e7ues via notre site ou nos boites de messagerie \u00e9lectronique conform\u00e9ment \u00e0 la r\u00e9glementation en vigueur. Publicit\u00e9 Nous ne partageons aucune de vos informations avec des tiers, quels [&hellip;]<\/p>\n","protected":false},"author":1,"featured_media":0,"parent":0,"menu_order":0,"comment_status":"closed","ping_status":"closed","template":"","meta":{"footnotes":""},"class_list":["post-83","page","type-page","status-publish","hentry"],"_links":{"self":[{"href":"https:\/\/xl-hop.com\/index.php\/wp-json\/wp\/v2\/pages\/83","targetHints":{"allow":["GET"]}}],"collection":[{"href":"https:\/\/xl-hop.com\/index.php\/wp-json\/wp\/v2\/pages"}],"about":[{"href":"https:\/\/xl-hop.com\/index.php\/wp-json\/wp\/v2\/types\/page"}],"author":[{"embeddable":true,"href":"https:\/\/xl-hop.com\/index.php\/wp-json\/wp\/v2\/users\/1"}],"replies":[{"embeddable":true,"href":"https:\/\/xl-hop.com\/index.php\/wp-json\/wp\/v2\/comments?post=83"}],"version-history":[{"count":46,"href":"https:\/\/xl-hop.com\/index.php\/wp-json\/wp\/v2\/pages\/83\/revisions"}],"predecessor-version":[{"id":1999,"href":"https:\/\/xl-hop.com\/index.php\/wp-json\/wp\/v2\/pages\/83\/revisions\/1999"}],"wp:attachment":[{"href":"https:\/\/xl-hop.com\/index.php\/wp-json\/wp\/v2\/media?parent=83"}],"curies":[{"name":"wp","href":"https:\/\/api.w.org\/{rel}","templated":true}]}}