{"id":77,"date":"2021-11-21T18:29:21","date_gmt":"2021-11-21T17:29:21","guid":{"rendered":"https:\/\/xl-hop.com\/?page_id=77"},"modified":"2026-04-18T18:05:33","modified_gmt":"2026-04-18T16:05:33","slug":"contact","status":"publish","type":"page","link":"https:\/\/xl-hop.com\/index.php\/contact\/","title":{"rendered":"Contact"},"content":{"rendered":"\t\t<div data-elementor-type=\"wp-page\" data-elementor-id=\"77\" class=\"elementor elementor-77\" data-elementor-post-type=\"page\">\n\t\t\t\t\t\t<section class=\"elementor-section elementor-top-section elementor-element elementor-element-514ffa1 elementor-section-boxed elementor-section-height-default elementor-section-height-default\" data-id=\"514ffa1\" data-element_type=\"section\" data-e-type=\"section\">\n\t\t\t\t\t\t<div class=\"elementor-container elementor-column-gap-default\">\n\t\t\t\t\t<div class=\"elementor-column elementor-col-100 elementor-top-column elementor-element elementor-element-6cb6570\" data-id=\"6cb6570\" data-element_type=\"column\" data-e-type=\"column\">\n\t\t\t<div class=\"elementor-widget-wrap elementor-element-populated\">\n\t\t\t\t\t\t<div class=\"elementor-element elementor-element-13af098 elementor-widget elementor-widget-heading\" data-id=\"13af098\" data-element_type=\"widget\" data-e-type=\"widget\" data-widget_type=\"heading.default\">\n\t\t\t\t\t<h1 class=\"elementor-heading-title elementor-size-default\">POUR NOUS CONTACTER<\/h1>\t\t\t\t<\/div>\n\t\t\t\t\t<\/div>\n\t\t<\/div>\n\t\t\t\t\t<\/div>\n\t\t<\/section>\n\t\t\t\t<section class=\"elementor-section elementor-top-section elementor-element elementor-element-535d662 elementor-section-boxed elementor-section-height-default elementor-section-height-default\" data-id=\"535d662\" data-element_type=\"section\" data-e-type=\"section\">\n\t\t\t\t\t\t<div class=\"elementor-container elementor-column-gap-default\">\n\t\t\t\t\t<div class=\"elementor-column elementor-col-33 elementor-top-column elementor-element elementor-element-9bdaf9a\" data-id=\"9bdaf9a\" data-element_type=\"column\" data-e-type=\"column\">\n\t\t\t<div class=\"elementor-widget-wrap elementor-element-populated\">\n\t\t\t\t\t\t<div class=\"elementor-element elementor-element-da66ed4 elementor-widget elementor-widget-heading\" data-id=\"da66ed4\" data-element_type=\"widget\" data-e-type=\"widget\" data-widget_type=\"heading.default\">\n\t\t\t\t\t<h2 class=\"elementor-heading-title elementor-size-default\">Email<\/h2>\t\t\t\t<\/div>\n\t\t\t\t<div class=\"elementor-element elementor-element-dd8ba3a elementor-widget elementor-widget-image\" data-id=\"dd8ba3a\" data-element_type=\"widget\" data-e-type=\"widget\" data-widget_type=\"image.default\">\n\t\t\t\t\t\t\t\t\t\t\t\t\t\t\t\t<a href=\"mailto:nacer.mazouz@xl-hop.com\">\n\t\t\t\t\t\t\t<img fetchpriority=\"high\" decoding=\"async\" width=\"300\" height=\"300\" src=\"https:\/\/xl-hop.com\/wp-content\/uploads\/2026\/02\/XL_Hop-Visuel_Site-Email-300x300.webp\" class=\"attachment-medium size-medium wp-image-3361\" alt=\"\" srcset=\"https:\/\/xl-hop.com\/wp-content\/uploads\/2026\/02\/XL_Hop-Visuel_Site-Email-300x300.webp 300w, https:\/\/xl-hop.com\/wp-content\/uploads\/2026\/02\/XL_Hop-Visuel_Site-Email-1024x1024.webp 1024w, https:\/\/xl-hop.com\/wp-content\/uploads\/2026\/02\/XL_Hop-Visuel_Site-Email-150x150.webp 150w, https:\/\/xl-hop.com\/wp-content\/uploads\/2026\/02\/XL_Hop-Visuel_Site-Email-768x768.webp 768w, https:\/\/xl-hop.com\/wp-content\/uploads\/2026\/02\/XL_Hop-Visuel_Site-Email-1536x1536.webp 1536w, https:\/\/xl-hop.com\/wp-content\/uploads\/2026\/02\/XL_Hop-Visuel_Site-Email.webp 1920w\" sizes=\"(max-width: 300px) 100vw, 300px\" \/>\t\t\t\t\t\t\t\t<\/a>\n\t\t\t\t\t\t\t\t\t\t\t\t\t\t\t<\/div>\n\t\t\t\t\t<\/div>\n\t\t<\/div>\n\t\t\t\t<div class=\"elementor-column elementor-col-33 elementor-top-column elementor-element elementor-element-574d2b3\" data-id=\"574d2b3\" data-element_type=\"column\" data-e-type=\"column\">\n\t\t\t<div class=\"elementor-widget-wrap elementor-element-populated\">\n\t\t\t\t\t\t<div class=\"elementor-element elementor-element-d23d7f3 elementor-widget elementor-widget-heading\" data-id=\"d23d7f3\" data-element_type=\"widget\" data-e-type=\"widget\" data-widget_type=\"heading.default\">\n\t\t\t\t\t<h2 class=\"elementor-heading-title elementor-size-default\">T\u00e9l\u00e9phone<\/h2>\t\t\t\t<\/div>\n\t\t\t\t<div class=\"elementor-element elementor-element-e3532c5 elementor-widget elementor-widget-image\" data-id=\"e3532c5\" data-element_type=\"widget\" data-e-type=\"widget\" data-widget_type=\"image.default\">\n\t\t\t\t\t\t\t\t\t\t\t\t\t\t\t\t<a href=\"tel:0033601055928\">\n\t\t\t\t\t\t\t<img decoding=\"async\" width=\"300\" height=\"300\" src=\"https:\/\/xl-hop.com\/wp-content\/uploads\/2026\/02\/XL_Hop-Visuel_Site-Telephone-300x300.webp\" class=\"attachment-medium size-medium wp-image-3362\" alt=\"\" srcset=\"https:\/\/xl-hop.com\/wp-content\/uploads\/2026\/02\/XL_Hop-Visuel_Site-Telephone-300x300.webp 300w, https:\/\/xl-hop.com\/wp-content\/uploads\/2026\/02\/XL_Hop-Visuel_Site-Telephone-1024x1024.webp 1024w, https:\/\/xl-hop.com\/wp-content\/uploads\/2026\/02\/XL_Hop-Visuel_Site-Telephone-150x150.webp 150w, https:\/\/xl-hop.com\/wp-content\/uploads\/2026\/02\/XL_Hop-Visuel_Site-Telephone-768x768.webp 768w, https:\/\/xl-hop.com\/wp-content\/uploads\/2026\/02\/XL_Hop-Visuel_Site-Telephone-1536x1536.webp 1536w, https:\/\/xl-hop.com\/wp-content\/uploads\/2026\/02\/XL_Hop-Visuel_Site-Telephone.webp 1920w\" sizes=\"(max-width: 300px) 100vw, 300px\" \/>\t\t\t\t\t\t\t\t<\/a>\n\t\t\t\t\t\t\t\t\t\t\t\t\t\t\t<\/div>\n\t\t\t\t\t<\/div>\n\t\t<\/div>\n\t\t\t\t<div class=\"elementor-column elementor-col-33 elementor-top-column elementor-element elementor-element-775c003\" data-id=\"775c003\" data-element_type=\"column\" data-e-type=\"column\">\n\t\t\t<div class=\"elementor-widget-wrap elementor-element-populated\">\n\t\t\t\t\t\t<div class=\"elementor-element elementor-element-feeb15c elementor-widget elementor-widget-heading\" data-id=\"feeb15c\" data-element_type=\"widget\" data-e-type=\"widget\" data-widget_type=\"heading.default\">\n\t\t\t\t\t<h2 class=\"elementor-heading-title elementor-size-default\">R\u00e9seaux sociaux<\/h2>\t\t\t\t<\/div>\n\t\t\t\t<div class=\"elementor-element elementor-element-71d4bba elementor-widget elementor-widget-image\" data-id=\"71d4bba\" data-element_type=\"widget\" data-e-type=\"widget\" data-widget_type=\"image.default\">\n\t\t\t\t\t\t\t\t\t\t\t\t\t\t\t\t<a href=\"https:\/\/www.linkedin.com\/company\/81886195\">\n\t\t\t\t\t\t\t<img decoding=\"async\" width=\"300\" height=\"300\" src=\"https:\/\/xl-hop.com\/wp-content\/uploads\/2026\/02\/XL_Hop-Visuel_Site-Reseaux_Sociaux-300x300.webp\" class=\"attachment-medium size-medium wp-image-3363\" alt=\"\" srcset=\"https:\/\/xl-hop.com\/wp-content\/uploads\/2026\/02\/XL_Hop-Visuel_Site-Reseaux_Sociaux-300x300.webp 300w, https:\/\/xl-hop.com\/wp-content\/uploads\/2026\/02\/XL_Hop-Visuel_Site-Reseaux_Sociaux-1024x1024.webp 1024w, https:\/\/xl-hop.com\/wp-content\/uploads\/2026\/02\/XL_Hop-Visuel_Site-Reseaux_Sociaux-150x150.webp 150w, https:\/\/xl-hop.com\/wp-content\/uploads\/2026\/02\/XL_Hop-Visuel_Site-Reseaux_Sociaux-768x768.webp 768w, https:\/\/xl-hop.com\/wp-content\/uploads\/2026\/02\/XL_Hop-Visuel_Site-Reseaux_Sociaux-1536x1536.webp 1536w, https:\/\/xl-hop.com\/wp-content\/uploads\/2026\/02\/XL_Hop-Visuel_Site-Reseaux_Sociaux.webp 1920w\" sizes=\"(max-width: 300px) 100vw, 300px\" \/>\t\t\t\t\t\t\t\t<\/a>\n\t\t\t\t\t\t\t\t\t\t\t\t\t\t\t<\/div>\n\t\t\t\t\t<\/div>\n\t\t<\/div>\n\t\t\t\t\t<\/div>\n\t\t<\/section>\n\t\t\t\t<section class=\"elementor-section elementor-top-section elementor-element elementor-element-4986fde elementor-section-boxed elementor-section-height-default elementor-section-height-default\" data-id=\"4986fde\" data-element_type=\"section\" data-e-type=\"section\">\n\t\t\t\t\t\t<div class=\"elementor-container elementor-column-gap-default\">\n\t\t\t\t\t<div class=\"elementor-column elementor-col-100 elementor-top-column elementor-element elementor-element-75217f5\" data-id=\"75217f5\" data-element_type=\"column\" data-e-type=\"column\">\n\t\t\t<div class=\"elementor-widget-wrap elementor-element-populated\">\n\t\t\t\t\t\t<div class=\"elementor-element elementor-element-2e05c9d elementor-widget elementor-widget-text-editor\" data-id=\"2e05c9d\" data-element_type=\"widget\" data-e-type=\"widget\" data-widget_type=\"text-editor.default\">\n\t\t\t\t\t\t\t\t\t<p><i>&#8220;C&#8217;est au contact d&#8217;autrui que l&#8217;homme apprend ce qu&#8217;il sait&#8221; (Euripide)<\/i><\/p>\t\t\t\t\t\t\t\t<\/div>\n\t\t\t\t\t<\/div>\n\t\t<\/div>\n\t\t\t\t\t<\/div>\n\t\t<\/section>\n\t\t\t\t<\/div>\n\t\t","protected":false},"excerpt":{"rendered":"<p>POUR NOUS CONTACTER Email T\u00e9l\u00e9phone R\u00e9seaux sociaux &#8220;C&#8217;est au contact d&#8217;autrui que l&#8217;homme apprend ce qu&#8217;il sait&#8221; (Euripide)<\/p>\n","protected":false},"author":1,"featured_media":0,"parent":0,"menu_order":0,"comment_status":"closed","ping_status":"closed","template":"","meta":{"footnotes":""},"class_list":["post-77","page","type-page","status-publish","hentry"],"_links":{"self":[{"href":"https:\/\/xl-hop.com\/index.php\/wp-json\/wp\/v2\/pages\/77","targetHints":{"allow":["GET"]}}],"collection":[{"href":"https:\/\/xl-hop.com\/index.php\/wp-json\/wp\/v2\/pages"}],"about":[{"href":"https:\/\/xl-hop.com\/index.php\/wp-json\/wp\/v2\/types\/page"}],"author":[{"embeddable":true,"href":"https:\/\/xl-hop.com\/index.php\/wp-json\/wp\/v2\/users\/1"}],"replies":[{"embeddable":true,"href":"https:\/\/xl-hop.com\/index.php\/wp-json\/wp\/v2\/comments?post=77"}],"version-history":[{"count":132,"href":"https:\/\/xl-hop.com\/index.php\/wp-json\/wp\/v2\/pages\/77\/revisions"}],"predecessor-version":[{"id":3412,"href":"https:\/\/xl-hop.com\/index.php\/wp-json\/wp\/v2\/pages\/77\/revisions\/3412"}],"wp:attachment":[{"href":"https:\/\/xl-hop.com\/index.php\/wp-json\/wp\/v2\/media?parent=77"}],"curies":[{"name":"wp","href":"https:\/\/api.w.org\/{rel}","templated":true}]}}