{"id":75,"date":"2021-11-21T18:29:06","date_gmt":"2021-11-21T17:29:06","guid":{"rendered":"https:\/\/xl-hop.com\/?page_id=75"},"modified":"2026-04-18T18:06:08","modified_gmt":"2026-04-18T16:06:08","slug":"ressources","status":"publish","type":"page","link":"https:\/\/xl-hop.com\/index.php\/ressources\/","title":{"rendered":"Ressources"},"content":{"rendered":"\t\t<div data-elementor-type=\"wp-page\" data-elementor-id=\"75\" class=\"elementor elementor-75\" data-elementor-post-type=\"page\">\n\t\t\t\t\t\t<section class=\"elementor-section elementor-top-section elementor-element elementor-element-677da09 elementor-section-boxed elementor-section-height-default elementor-section-height-default\" data-id=\"677da09\" data-element_type=\"section\" data-e-type=\"section\">\n\t\t\t\t\t\t<div class=\"elementor-container elementor-column-gap-default\">\n\t\t\t\t\t<div class=\"elementor-column elementor-col-100 elementor-top-column elementor-element elementor-element-4d023ae\" data-id=\"4d023ae\" data-element_type=\"column\" data-e-type=\"column\">\n\t\t\t<div class=\"elementor-widget-wrap elementor-element-populated\">\n\t\t\t\t\t\t<div class=\"elementor-element elementor-element-4cf9a17 elementor-widget elementor-widget-heading\" data-id=\"4cf9a17\" data-element_type=\"widget\" data-e-type=\"widget\" data-widget_type=\"heading.default\">\n\t\t\t\t\t<h1 class=\"elementor-heading-title elementor-size-default\">POUR ALLER PLUS LOIN<\/h1>\t\t\t\t<\/div>\n\t\t\t\t\t<\/div>\n\t\t<\/div>\n\t\t\t\t\t<\/div>\n\t\t<\/section>\n\t\t\t\t<section class=\"elementor-section elementor-top-section elementor-element elementor-element-dfec8b7 elementor-section-boxed elementor-section-height-default elementor-section-height-default\" data-id=\"dfec8b7\" data-element_type=\"section\" data-e-type=\"section\">\n\t\t\t\t\t\t<div class=\"elementor-container elementor-column-gap-default\">\n\t\t\t\t\t<div class=\"elementor-column elementor-col-33 elementor-top-column elementor-element elementor-element-67e661f\" data-id=\"67e661f\" data-element_type=\"column\" data-e-type=\"column\">\n\t\t\t<div class=\"elementor-widget-wrap elementor-element-populated\">\n\t\t\t\t\t\t<div class=\"elementor-element elementor-element-a5179bd elementor-widget elementor-widget-heading\" data-id=\"a5179bd\" data-element_type=\"widget\" data-e-type=\"widget\" data-widget_type=\"heading.default\">\n\t\t\t\t\t<h2 class=\"elementor-heading-title elementor-size-default\">Vid\u00e9os<\/h2>\t\t\t\t<\/div>\n\t\t\t\t<div class=\"elementor-element elementor-element-a9560d7 elementor-widget elementor-widget-image\" data-id=\"a9560d7\" data-element_type=\"widget\" data-e-type=\"widget\" data-widget_type=\"image.default\">\n\t\t\t\t\t\t\t\t\t\t\t\t\t\t\t\t<a href=\"https:\/\/xl-hop.com\/index.php\/ressources\/videos\">\n\t\t\t\t\t\t\t<img fetchpriority=\"high\" decoding=\"async\" width=\"300\" height=\"300\" src=\"https:\/\/xl-hop.com\/wp-content\/uploads\/2026\/02\/XL_Hop-Visuel_Site-Videos-300x300.webp\" class=\"attachment-medium size-medium wp-image-3355\" alt=\"\" srcset=\"https:\/\/xl-hop.com\/wp-content\/uploads\/2026\/02\/XL_Hop-Visuel_Site-Videos-300x300.webp 300w, https:\/\/xl-hop.com\/wp-content\/uploads\/2026\/02\/XL_Hop-Visuel_Site-Videos-1024x1024.webp 1024w, https:\/\/xl-hop.com\/wp-content\/uploads\/2026\/02\/XL_Hop-Visuel_Site-Videos-150x150.webp 150w, https:\/\/xl-hop.com\/wp-content\/uploads\/2026\/02\/XL_Hop-Visuel_Site-Videos-768x768.webp 768w, https:\/\/xl-hop.com\/wp-content\/uploads\/2026\/02\/XL_Hop-Visuel_Site-Videos-1536x1536.webp 1536w, https:\/\/xl-hop.com\/wp-content\/uploads\/2026\/02\/XL_Hop-Visuel_Site-Videos.webp 1920w\" sizes=\"(max-width: 300px) 100vw, 300px\" \/>\t\t\t\t\t\t\t\t<\/a>\n\t\t\t\t\t\t\t\t\t\t\t\t\t\t\t<\/div>\n\t\t\t\t\t<\/div>\n\t\t<\/div>\n\t\t\t\t<div class=\"elementor-column elementor-col-33 elementor-top-column elementor-element elementor-element-5768cfd\" data-id=\"5768cfd\" data-element_type=\"column\" data-e-type=\"column\">\n\t\t\t<div class=\"elementor-widget-wrap elementor-element-populated\">\n\t\t\t\t\t\t<div class=\"elementor-element elementor-element-aa1a1d3 elementor-widget elementor-widget-heading\" data-id=\"aa1a1d3\" data-element_type=\"widget\" data-e-type=\"widget\" data-widget_type=\"heading.default\">\n\t\t\t\t\t<h2 class=\"elementor-heading-title elementor-size-default\">Pr\u00e9sentations<\/h2>\t\t\t\t<\/div>\n\t\t\t\t<div class=\"elementor-element elementor-element-010c27f elementor-widget elementor-widget-image\" data-id=\"010c27f\" data-element_type=\"widget\" data-e-type=\"widget\" data-widget_type=\"image.default\">\n\t\t\t\t\t\t\t\t\t\t\t\t\t\t\t\t<a href=\"https:\/\/xl-hop.com\/index.php\/ressources\/presentations\">\n\t\t\t\t\t\t\t<img decoding=\"async\" width=\"300\" height=\"300\" src=\"https:\/\/xl-hop.com\/wp-content\/uploads\/2026\/02\/XL_Hop-Visuel_Site-Presentations-300x300.webp\" class=\"attachment-medium size-medium wp-image-3356\" alt=\"\" srcset=\"https:\/\/xl-hop.com\/wp-content\/uploads\/2026\/02\/XL_Hop-Visuel_Site-Presentations-300x300.webp 300w, https:\/\/xl-hop.com\/wp-content\/uploads\/2026\/02\/XL_Hop-Visuel_Site-Presentations-1024x1024.webp 1024w, https:\/\/xl-hop.com\/wp-content\/uploads\/2026\/02\/XL_Hop-Visuel_Site-Presentations-150x150.webp 150w, https:\/\/xl-hop.com\/wp-content\/uploads\/2026\/02\/XL_Hop-Visuel_Site-Presentations-768x768.webp 768w, https:\/\/xl-hop.com\/wp-content\/uploads\/2026\/02\/XL_Hop-Visuel_Site-Presentations-1536x1536.webp 1536w, https:\/\/xl-hop.com\/wp-content\/uploads\/2026\/02\/XL_Hop-Visuel_Site-Presentations.webp 1920w\" sizes=\"(max-width: 300px) 100vw, 300px\" \/>\t\t\t\t\t\t\t\t<\/a>\n\t\t\t\t\t\t\t\t\t\t\t\t\t\t\t<\/div>\n\t\t\t\t\t<\/div>\n\t\t<\/div>\n\t\t\t\t<div class=\"elementor-column elementor-col-33 elementor-top-column elementor-element elementor-element-1299019\" data-id=\"1299019\" data-element_type=\"column\" data-e-type=\"column\">\n\t\t\t<div class=\"elementor-widget-wrap elementor-element-populated\">\n\t\t\t\t\t\t<div class=\"elementor-element elementor-element-061ad91 elementor-widget elementor-widget-heading\" data-id=\"061ad91\" data-element_type=\"widget\" data-e-type=\"widget\" data-widget_type=\"heading.default\">\n\t\t\t\t\t<h2 class=\"elementor-heading-title elementor-size-default\">Mod\u00e8les<\/h2>\t\t\t\t<\/div>\n\t\t\t\t<div class=\"elementor-element elementor-element-5337744 elementor-widget elementor-widget-image\" data-id=\"5337744\" data-element_type=\"widget\" data-e-type=\"widget\" data-widget_type=\"image.default\">\n\t\t\t\t\t\t\t\t\t\t\t\t\t\t\t\t<a href=\"https:\/\/xl-hop.com\/index.php\/ressources\/modeles\">\n\t\t\t\t\t\t\t<img decoding=\"async\" width=\"300\" height=\"300\" src=\"https:\/\/xl-hop.com\/wp-content\/uploads\/2026\/02\/XL_Hop-Visuel_Site-Templates-300x300.webp\" class=\"attachment-medium size-medium wp-image-3357\" alt=\"\" srcset=\"https:\/\/xl-hop.com\/wp-content\/uploads\/2026\/02\/XL_Hop-Visuel_Site-Templates-300x300.webp 300w, https:\/\/xl-hop.com\/wp-content\/uploads\/2026\/02\/XL_Hop-Visuel_Site-Templates-1024x1024.webp 1024w, https:\/\/xl-hop.com\/wp-content\/uploads\/2026\/02\/XL_Hop-Visuel_Site-Templates-150x150.webp 150w, https:\/\/xl-hop.com\/wp-content\/uploads\/2026\/02\/XL_Hop-Visuel_Site-Templates-768x768.webp 768w, https:\/\/xl-hop.com\/wp-content\/uploads\/2026\/02\/XL_Hop-Visuel_Site-Templates-1536x1536.webp 1536w, https:\/\/xl-hop.com\/wp-content\/uploads\/2026\/02\/XL_Hop-Visuel_Site-Templates.webp 1920w\" sizes=\"(max-width: 300px) 100vw, 300px\" \/>\t\t\t\t\t\t\t\t<\/a>\n\t\t\t\t\t\t\t\t\t\t\t\t\t\t\t<\/div>\n\t\t\t\t\t<\/div>\n\t\t<\/div>\n\t\t\t\t\t<\/div>\n\t\t<\/section>\n\t\t\t\t<section class=\"elementor-section elementor-top-section elementor-element elementor-element-61f821c elementor-section-boxed elementor-section-height-default elementor-section-height-default\" data-id=\"61f821c\" data-element_type=\"section\" data-e-type=\"section\">\n\t\t\t\t\t\t<div class=\"elementor-container elementor-column-gap-default\">\n\t\t\t\t\t<div class=\"elementor-column elementor-col-100 elementor-top-column elementor-element elementor-element-333ef97\" data-id=\"333ef97\" data-element_type=\"column\" data-e-type=\"column\">\n\t\t\t<div class=\"elementor-widget-wrap elementor-element-populated\">\n\t\t\t\t\t\t<div class=\"elementor-element elementor-element-57c2d00 elementor-widget elementor-widget-heading\" data-id=\"57c2d00\" data-element_type=\"widget\" data-e-type=\"widget\" data-widget_type=\"heading.default\">\n\t\t\t\t\t<h2 class=\"elementor-heading-title elementor-size-default\">Envie d'en savoir plus ?<\/h2>\t\t\t\t<\/div>\n\t\t\t\t<div class=\"elementor-element elementor-element-5b3d547 elementor-align-center elementor-widget elementor-widget-button\" data-id=\"5b3d547\" data-element_type=\"widget\" data-e-type=\"widget\" data-widget_type=\"button.default\">\n\t\t\t\t\t\t\t\t\t\t<a class=\"elementor-button elementor-button-link elementor-size-sm\" href=\"https:\/\/xl-hop.com\/index.php\/contact\/\">\n\t\t\t\t\t\t<span class=\"elementor-button-content-wrapper\">\n\t\t\t\t\t\t\t\t\t<span class=\"elementor-button-text\">Contactez-nous<\/span>\n\t\t\t\t\t<\/span>\n\t\t\t\t\t<\/a>\n\t\t\t\t\t\t\t\t<\/div>\n\t\t\t\t\t<\/div>\n\t\t<\/div>\n\t\t\t\t\t<\/div>\n\t\t<\/section>\n\t\t\t\t<section class=\"elementor-section elementor-top-section elementor-element elementor-element-8cb3274 elementor-section-boxed elementor-section-height-default elementor-section-height-default\" data-id=\"8cb3274\" data-element_type=\"section\" data-e-type=\"section\">\n\t\t\t\t\t\t<div class=\"elementor-container elementor-column-gap-default\">\n\t\t\t\t\t<div class=\"elementor-column elementor-col-100 elementor-top-column elementor-element elementor-element-e401df2\" data-id=\"e401df2\" data-element_type=\"column\" data-e-type=\"column\">\n\t\t\t<div class=\"elementor-widget-wrap elementor-element-populated\">\n\t\t\t\t\t\t<div class=\"elementor-element elementor-element-b1ba80d elementor-widget elementor-widget-text-editor\" data-id=\"b1ba80d\" data-element_type=\"widget\" data-e-type=\"widget\" data-widget_type=\"text-editor.default\">\n\t\t\t\t\t\t\t\t\t<p><i>&#8220;L&#8217;homme solitaire pense seul et cr\u00e9e des nouvelles valeurs pour la communaut\u00e9&#8221; (Albert Einstein<\/i>)<\/p>\t\t\t\t\t\t\t\t<\/div>\n\t\t\t\t\t<\/div>\n\t\t<\/div>\n\t\t\t\t\t<\/div>\n\t\t<\/section>\n\t\t\t\t<\/div>\n\t\t","protected":false},"excerpt":{"rendered":"<p>POUR ALLER PLUS LOIN Vid\u00e9os Pr\u00e9sentations Mod\u00e8les Envie d&#8217;en savoir plus ? Contactez-nous &#8220;L&#8217;homme solitaire pense seul et cr\u00e9e des nouvelles valeurs pour la communaut\u00e9&#8221; (Albert Einstein)<\/p>\n","protected":false},"author":1,"featured_media":0,"parent":0,"menu_order":0,"comment_status":"closed","ping_status":"closed","template":"","meta":{"footnotes":""},"class_list":["post-75","page","type-page","status-publish","hentry"],"_links":{"self":[{"href":"https:\/\/xl-hop.com\/index.php\/wp-json\/wp\/v2\/pages\/75","targetHints":{"allow":["GET"]}}],"collection":[{"href":"https:\/\/xl-hop.com\/index.php\/wp-json\/wp\/v2\/pages"}],"about":[{"href":"https:\/\/xl-hop.com\/index.php\/wp-json\/wp\/v2\/types\/page"}],"author":[{"embeddable":true,"href":"https:\/\/xl-hop.com\/index.php\/wp-json\/wp\/v2\/users\/1"}],"replies":[{"embeddable":true,"href":"https:\/\/xl-hop.com\/index.php\/wp-json\/wp\/v2\/comments?post=75"}],"version-history":[{"count":254,"href":"https:\/\/xl-hop.com\/index.php\/wp-json\/wp\/v2\/pages\/75\/revisions"}],"predecessor-version":[{"id":3416,"href":"https:\/\/xl-hop.com\/index.php\/wp-json\/wp\/v2\/pages\/75\/revisions\/3416"}],"wp:attachment":[{"href":"https:\/\/xl-hop.com\/index.php\/wp-json\/wp\/v2\/media?parent=75"}],"curies":[{"name":"wp","href":"https:\/\/api.w.org\/{rel}","templated":true}]}}