{"id":194,"date":"2022-05-25T14:48:37","date_gmt":"2022-05-25T13:48:37","guid":{"rendered":"https:\/\/xl-hop.com\/?page_id=194"},"modified":"2026-04-18T18:06:29","modified_gmt":"2026-04-18T16:06:29","slug":"conseil","status":"publish","type":"page","link":"https:\/\/xl-hop.com\/index.php\/conseil\/","title":{"rendered":"Conseil"},"content":{"rendered":"\t\t<div data-elementor-type=\"wp-page\" data-elementor-id=\"194\" class=\"elementor elementor-194\" data-elementor-post-type=\"page\">\n\t\t\t\t\t\t<section class=\"elementor-section elementor-top-section elementor-element elementor-element-dff9513 elementor-section-boxed elementor-section-height-default elementor-section-height-default\" data-id=\"dff9513\" data-element_type=\"section\" data-e-type=\"section\">\n\t\t\t\t\t\t<div class=\"elementor-container elementor-column-gap-default\">\n\t\t\t\t\t<div class=\"elementor-column elementor-col-100 elementor-top-column elementor-element elementor-element-3cebd7a\" data-id=\"3cebd7a\" data-element_type=\"column\" data-e-type=\"column\">\n\t\t\t<div class=\"elementor-widget-wrap elementor-element-populated\">\n\t\t\t\t\t\t<div class=\"elementor-element elementor-element-ca21a94 elementor-widget elementor-widget-heading\" data-id=\"ca21a94\" data-element_type=\"widget\" data-e-type=\"widget\" data-widget_type=\"heading.default\">\n\t\t\t\t\t<h1 class=\"elementor-heading-title elementor-size-default\">LE CONSEIL<\/h1>\t\t\t\t<\/div>\n\t\t\t\t<div class=\"elementor-element elementor-element-2aff02c elementor-widget elementor-widget-text-editor\" data-id=\"2aff02c\" data-element_type=\"widget\" data-e-type=\"widget\" data-widget_type=\"text-editor.default\">\n\t\t\t\t\t\t\t\t\t<p><span style=\"color: var( --e-global-color-text ); font-family: var( --e-global-typography-text-font-family ), Sans-serif; font-weight: var( --e-global-typography-text-font-weight ); font-size: 1rem;\">Nous proposons \u00e9galement des missions de conseil de courte dur\u00e9e<\/span><\/p>\t\t\t\t\t\t\t\t<\/div>\n\t\t\t\t\t<\/div>\n\t\t<\/div>\n\t\t\t\t\t<\/div>\n\t\t<\/section>\n\t\t\t\t<section class=\"elementor-section elementor-top-section elementor-element elementor-element-dc1f575 elementor-section-boxed elementor-section-height-default elementor-section-height-default\" data-id=\"dc1f575\" data-element_type=\"section\" data-e-type=\"section\">\n\t\t\t\t\t\t<div class=\"elementor-container elementor-column-gap-default\">\n\t\t\t\t\t<div class=\"elementor-column elementor-col-33 elementor-top-column elementor-element elementor-element-f418c66\" data-id=\"f418c66\" data-element_type=\"column\" data-e-type=\"column\">\n\t\t\t<div class=\"elementor-widget-wrap elementor-element-populated\">\n\t\t\t\t\t\t<div class=\"elementor-element elementor-element-02332d6 elementor-widget elementor-widget-heading\" data-id=\"02332d6\" data-element_type=\"widget\" data-e-type=\"widget\" data-widget_type=\"heading.default\">\n\t\t\t\t\t<h2 class=\"elementor-heading-title elementor-size-default\">Audit<\/h2>\t\t\t\t<\/div>\n\t\t\t\t<div class=\"elementor-element elementor-element-a7c30c7 elementor-widget elementor-widget-image\" data-id=\"a7c30c7\" data-element_type=\"widget\" data-e-type=\"widget\" data-widget_type=\"image.default\">\n\t\t\t\t\t\t\t\t\t\t\t\t\t\t\t<img fetchpriority=\"high\" decoding=\"async\" width=\"300\" height=\"300\" src=\"https:\/\/xl-hop.com\/wp-content\/uploads\/2026\/02\/XL_Hop-Visuel_Site-Audit-300x300.webp\" class=\"attachment-medium size-medium wp-image-3349\" alt=\"\" srcset=\"https:\/\/xl-hop.com\/wp-content\/uploads\/2026\/02\/XL_Hop-Visuel_Site-Audit-300x300.webp 300w, https:\/\/xl-hop.com\/wp-content\/uploads\/2026\/02\/XL_Hop-Visuel_Site-Audit-1024x1024.webp 1024w, https:\/\/xl-hop.com\/wp-content\/uploads\/2026\/02\/XL_Hop-Visuel_Site-Audit-150x150.webp 150w, https:\/\/xl-hop.com\/wp-content\/uploads\/2026\/02\/XL_Hop-Visuel_Site-Audit-768x768.webp 768w, https:\/\/xl-hop.com\/wp-content\/uploads\/2026\/02\/XL_Hop-Visuel_Site-Audit-1536x1536.webp 1536w, https:\/\/xl-hop.com\/wp-content\/uploads\/2026\/02\/XL_Hop-Visuel_Site-Audit.webp 1920w\" sizes=\"(max-width: 300px) 100vw, 300px\" \/>\t\t\t\t\t\t\t\t\t\t\t\t\t\t\t<\/div>\n\t\t\t\t<div class=\"elementor-element elementor-element-2c98ebd elementor-widget elementor-widget-text-editor\" data-id=\"2c98ebd\" data-element_type=\"widget\" data-e-type=\"widget\" data-widget_type=\"text-editor.default\">\n\t\t\t\t\t\t\t\t\t<p><span style=\"text-align: justify; color: var( --e-global-color-text ); font-family: var( --e-global-typography-text-font-family ), Sans-serif; font-weight: var( --e-global-typography-text-font-weight ); font-size: 1rem;\">Evaluer rapidement l&#8217;efficience de vos processus ou votre niveau d&#8217;exposition aux risques<\/span><\/p>\t\t\t\t\t\t\t\t<\/div>\n\t\t\t\t\t<\/div>\n\t\t<\/div>\n\t\t\t\t<div class=\"elementor-column elementor-col-33 elementor-top-column elementor-element elementor-element-6f7a1a8\" data-id=\"6f7a1a8\" data-element_type=\"column\" data-e-type=\"column\">\n\t\t\t<div class=\"elementor-widget-wrap elementor-element-populated\">\n\t\t\t\t\t\t<div class=\"elementor-element elementor-element-378d848 elementor-widget elementor-widget-heading\" data-id=\"378d848\" data-element_type=\"widget\" data-e-type=\"widget\" data-widget_type=\"heading.default\">\n\t\t\t\t\t<h2 class=\"elementor-heading-title elementor-size-default\">R\u00e9solution<\/h2>\t\t\t\t<\/div>\n\t\t\t\t<div class=\"elementor-element elementor-element-b2e5fe0 elementor-widget elementor-widget-image\" data-id=\"b2e5fe0\" data-element_type=\"widget\" data-e-type=\"widget\" data-widget_type=\"image.default\">\n\t\t\t\t\t\t\t\t\t\t\t\t\t\t\t<img decoding=\"async\" width=\"300\" height=\"300\" src=\"https:\/\/xl-hop.com\/wp-content\/uploads\/2026\/02\/XL_Hop-Visuel_Site-Resolution-300x300.webp\" class=\"attachment-medium size-medium wp-image-3350\" alt=\"\" srcset=\"https:\/\/xl-hop.com\/wp-content\/uploads\/2026\/02\/XL_Hop-Visuel_Site-Resolution-300x300.webp 300w, https:\/\/xl-hop.com\/wp-content\/uploads\/2026\/02\/XL_Hop-Visuel_Site-Resolution-1024x1024.webp 1024w, https:\/\/xl-hop.com\/wp-content\/uploads\/2026\/02\/XL_Hop-Visuel_Site-Resolution-150x150.webp 150w, https:\/\/xl-hop.com\/wp-content\/uploads\/2026\/02\/XL_Hop-Visuel_Site-Resolution-768x768.webp 768w, https:\/\/xl-hop.com\/wp-content\/uploads\/2026\/02\/XL_Hop-Visuel_Site-Resolution-1536x1536.webp 1536w, https:\/\/xl-hop.com\/wp-content\/uploads\/2026\/02\/XL_Hop-Visuel_Site-Resolution.webp 1920w\" sizes=\"(max-width: 300px) 100vw, 300px\" \/>\t\t\t\t\t\t\t\t\t\t\t\t\t\t\t<\/div>\n\t\t\t\t<div class=\"elementor-element elementor-element-64112e5 elementor-widget elementor-widget-text-editor\" data-id=\"64112e5\" data-element_type=\"widget\" data-e-type=\"widget\" data-widget_type=\"text-editor.default\">\n\t\t\t\t\t\t\t\t\t<p><span style=\"color: var( --e-global-color-text ); font-family: var( --e-global-typography-text-font-family ), Sans-serif; font-weight: var( --e-global-typography-text-font-weight ); font-size: 1rem;\">Vous aider \u00e0 r\u00e9soudre rapidement et durablement vos probl\u00e9matique de transformation<\/span><\/p>\t\t\t\t\t\t\t\t<\/div>\n\t\t\t\t\t<\/div>\n\t\t<\/div>\n\t\t\t\t<div class=\"elementor-column elementor-col-33 elementor-top-column elementor-element elementor-element-1d6bfd0\" data-id=\"1d6bfd0\" data-element_type=\"column\" data-e-type=\"column\">\n\t\t\t<div class=\"elementor-widget-wrap elementor-element-populated\">\n\t\t\t\t\t\t<div class=\"elementor-element elementor-element-fbf5ae8 elementor-widget elementor-widget-heading\" data-id=\"fbf5ae8\" data-element_type=\"widget\" data-e-type=\"widget\" data-widget_type=\"heading.default\">\n\t\t\t\t\t<h2 class=\"elementor-heading-title elementor-size-default\">Accompagnement<\/h2>\t\t\t\t<\/div>\n\t\t\t\t<div class=\"elementor-element elementor-element-e3c4867 elementor-widget elementor-widget-image\" data-id=\"e3c4867\" data-element_type=\"widget\" data-e-type=\"widget\" data-widget_type=\"image.default\">\n\t\t\t\t\t\t\t\t\t\t\t\t\t\t\t<img decoding=\"async\" width=\"300\" height=\"300\" src=\"https:\/\/xl-hop.com\/wp-content\/uploads\/2026\/02\/XL_Hop-Visuel_Site-Accompagnement-300x300.webp\" class=\"attachment-medium size-medium wp-image-3351\" alt=\"\" srcset=\"https:\/\/xl-hop.com\/wp-content\/uploads\/2026\/02\/XL_Hop-Visuel_Site-Accompagnement-300x300.webp 300w, https:\/\/xl-hop.com\/wp-content\/uploads\/2026\/02\/XL_Hop-Visuel_Site-Accompagnement-1024x1024.webp 1024w, https:\/\/xl-hop.com\/wp-content\/uploads\/2026\/02\/XL_Hop-Visuel_Site-Accompagnement-150x150.webp 150w, https:\/\/xl-hop.com\/wp-content\/uploads\/2026\/02\/XL_Hop-Visuel_Site-Accompagnement-768x768.webp 768w, https:\/\/xl-hop.com\/wp-content\/uploads\/2026\/02\/XL_Hop-Visuel_Site-Accompagnement-1536x1536.webp 1536w, https:\/\/xl-hop.com\/wp-content\/uploads\/2026\/02\/XL_Hop-Visuel_Site-Accompagnement.webp 1920w\" sizes=\"(max-width: 300px) 100vw, 300px\" \/>\t\t\t\t\t\t\t\t\t\t\t\t\t\t\t<\/div>\n\t\t\t\t<div class=\"elementor-element elementor-element-291ede1 elementor-widget elementor-widget-text-editor\" data-id=\"291ede1\" data-element_type=\"widget\" data-e-type=\"widget\" data-widget_type=\"text-editor.default\">\n\t\t\t\t\t\t\t\t\t<p><span style=\"text-align: justify; color: var( --e-global-color-text ); font-family: var( --e-global-typography-text-font-family ), Sans-serif; font-weight: var( --e-global-typography-text-font-weight ); font-size: 1rem;\">Vous faire monter en comp\u00e9tences et en autonomie sur le sujet de votre choix<\/span><\/p>\t\t\t\t\t\t\t\t<\/div>\n\t\t\t\t\t<\/div>\n\t\t<\/div>\n\t\t\t\t\t<\/div>\n\t\t<\/section>\n\t\t\t\t<section class=\"elementor-section elementor-top-section elementor-element elementor-element-90c08c5 elementor-section-boxed elementor-section-height-default elementor-section-height-default\" data-id=\"90c08c5\" data-element_type=\"section\" data-e-type=\"section\">\n\t\t\t\t\t\t<div class=\"elementor-container elementor-column-gap-default\">\n\t\t\t\t\t<div class=\"elementor-column elementor-col-100 elementor-top-column elementor-element elementor-element-5de1341\" data-id=\"5de1341\" data-element_type=\"column\" data-e-type=\"column\">\n\t\t\t<div class=\"elementor-widget-wrap elementor-element-populated\">\n\t\t\t\t\t\t<div class=\"elementor-element elementor-element-99f67fc elementor-widget elementor-widget-heading\" data-id=\"99f67fc\" data-element_type=\"widget\" data-e-type=\"widget\" data-widget_type=\"heading.default\">\n\t\t\t\t\t<h2 class=\"elementor-heading-title elementor-size-default\">Envie d'en savoir plus ?<\/h2>\t\t\t\t<\/div>\n\t\t\t\t<div class=\"elementor-element elementor-element-8803853 elementor-align-center elementor-widget elementor-widget-button\" data-id=\"8803853\" data-element_type=\"widget\" data-e-type=\"widget\" data-widget_type=\"button.default\">\n\t\t\t\t\t\t\t\t\t\t<a class=\"elementor-button elementor-button-link elementor-size-sm\" href=\"https:\/\/xl-hop.com\/index.php\/contact\/\">\n\t\t\t\t\t\t<span class=\"elementor-button-content-wrapper\">\n\t\t\t\t\t\t\t\t\t<span class=\"elementor-button-text\">Contactez-nous<\/span>\n\t\t\t\t\t<\/span>\n\t\t\t\t\t<\/a>\n\t\t\t\t\t\t\t\t<\/div>\n\t\t\t\t\t<\/div>\n\t\t<\/div>\n\t\t\t\t\t<\/div>\n\t\t<\/section>\n\t\t\t\t<section class=\"elementor-section elementor-top-section elementor-element elementor-element-e6f6e61 elementor-section-boxed elementor-section-height-default elementor-section-height-default\" data-id=\"e6f6e61\" data-element_type=\"section\" data-e-type=\"section\">\n\t\t\t\t\t\t<div class=\"elementor-container elementor-column-gap-default\">\n\t\t\t\t\t<div class=\"elementor-column elementor-col-100 elementor-top-column elementor-element elementor-element-da218bf\" data-id=\"da218bf\" data-element_type=\"column\" data-e-type=\"column\">\n\t\t\t<div class=\"elementor-widget-wrap elementor-element-populated\">\n\t\t\t\t\t\t<div class=\"elementor-element elementor-element-8c15587 elementor-widget elementor-widget-text-editor\" data-id=\"8c15587\" data-element_type=\"widget\" data-e-type=\"widget\" data-widget_type=\"text-editor.default\">\n\t\t\t\t\t\t\t\t\t<p><span style=\"color: var( --e-global-color-text ); font-family: var( --e-global-typography-text-font-family ), Sans-serif; font-weight: var( --e-global-typography-text-font-weight ); font-size: 1rem;\"><i>&#8220;Aucun de nous ne sait ce que nous savons ensemble&#8221; (Lao Tseu)<\/i><\/span><br><\/p>\t\t\t\t\t\t\t\t<\/div>\n\t\t\t\t\t<\/div>\n\t\t<\/div>\n\t\t\t\t\t<\/div>\n\t\t<\/section>\n\t\t\t\t<\/div>\n\t\t","protected":false},"excerpt":{"rendered":"<p>LE CONSEIL Nous proposons \u00e9galement des missions de conseil de courte dur\u00e9e Audit Evaluer rapidement l&#8217;efficience de vos processus ou votre niveau d&#8217;exposition aux risques R\u00e9solution Vous aider \u00e0 r\u00e9soudre rapidement et durablement vos probl\u00e9matique de transformation Accompagnement Vous faire monter en comp\u00e9tences et en autonomie sur le sujet de votre choix Envie d&#8217;en savoir [&hellip;]<\/p>\n","protected":false},"author":1,"featured_media":0,"parent":0,"menu_order":0,"comment_status":"closed","ping_status":"closed","template":"","meta":{"footnotes":""},"class_list":["post-194","page","type-page","status-publish","hentry"],"_links":{"self":[{"href":"https:\/\/xl-hop.com\/index.php\/wp-json\/wp\/v2\/pages\/194","targetHints":{"allow":["GET"]}}],"collection":[{"href":"https:\/\/xl-hop.com\/index.php\/wp-json\/wp\/v2\/pages"}],"about":[{"href":"https:\/\/xl-hop.com\/index.php\/wp-json\/wp\/v2\/types\/page"}],"author":[{"embeddable":true,"href":"https:\/\/xl-hop.com\/index.php\/wp-json\/wp\/v2\/users\/1"}],"replies":[{"embeddable":true,"href":"https:\/\/xl-hop.com\/index.php\/wp-json\/wp\/v2\/comments?post=194"}],"version-history":[{"count":262,"href":"https:\/\/xl-hop.com\/index.php\/wp-json\/wp\/v2\/pages\/194\/revisions"}],"predecessor-version":[{"id":3425,"href":"https:\/\/xl-hop.com\/index.php\/wp-json\/wp\/v2\/pages\/194\/revisions\/3425"}],"wp:attachment":[{"href":"https:\/\/xl-hop.com\/index.php\/wp-json\/wp\/v2\/media?parent=194"}],"curies":[{"name":"wp","href":"https:\/\/api.w.org\/{rel}","templated":true}]}}