{"id":191,"date":"2022-05-25T14:48:24","date_gmt":"2022-05-25T13:48:24","guid":{"rendered":"https:\/\/xl-hop.com\/?page_id=191"},"modified":"2026-04-18T18:07:38","modified_gmt":"2026-04-18T16:07:38","slug":"formation","status":"publish","type":"page","link":"https:\/\/xl-hop.com\/index.php\/formation\/","title":{"rendered":"Formation"},"content":{"rendered":"\t\t<div data-elementor-type=\"wp-page\" data-elementor-id=\"191\" class=\"elementor elementor-191\" data-elementor-post-type=\"page\">\n\t\t\t\t\t\t<section class=\"elementor-section elementor-top-section elementor-element elementor-element-a329023 elementor-section-boxed elementor-section-height-default elementor-section-height-default\" data-id=\"a329023\" data-element_type=\"section\" data-e-type=\"section\">\n\t\t\t\t\t\t<div class=\"elementor-container elementor-column-gap-default\">\n\t\t\t\t\t<div class=\"elementor-column elementor-col-100 elementor-top-column elementor-element elementor-element-b28168f\" data-id=\"b28168f\" data-element_type=\"column\" data-e-type=\"column\">\n\t\t\t<div class=\"elementor-widget-wrap elementor-element-populated\">\n\t\t\t\t\t\t<div class=\"elementor-element elementor-element-1f5675a elementor-widget elementor-widget-heading\" data-id=\"1f5675a\" data-element_type=\"widget\" data-e-type=\"widget\" data-widget_type=\"heading.default\">\n\t\t\t\t\t<h1 class=\"elementor-heading-title elementor-size-default\">LA FORMATION<\/h1>\t\t\t\t<\/div>\n\t\t\t\t<div class=\"elementor-element elementor-element-9c11591 elementor-widget elementor-widget-text-editor\" data-id=\"9c11591\" data-element_type=\"widget\" data-e-type=\"widget\" data-widget_type=\"text-editor.default\">\n\t\t\t\t\t\t\t\t\t<p>Nos formations se r\u00e9partissent en 3 th\u00e9matiques principales<\/p>\t\t\t\t\t\t\t\t<\/div>\n\t\t\t\t\t<\/div>\n\t\t<\/div>\n\t\t\t\t\t<\/div>\n\t\t<\/section>\n\t\t\t\t<section class=\"elementor-section elementor-top-section elementor-element elementor-element-dd03817 elementor-section-boxed elementor-section-height-default elementor-section-height-default\" data-id=\"dd03817\" data-element_type=\"section\" data-e-type=\"section\">\n\t\t\t\t\t\t<div class=\"elementor-container elementor-column-gap-default\">\n\t\t\t\t\t<div class=\"elementor-column elementor-col-33 elementor-top-column elementor-element elementor-element-60d4cdc\" data-id=\"60d4cdc\" data-element_type=\"column\" data-e-type=\"column\">\n\t\t\t<div class=\"elementor-widget-wrap elementor-element-populated\">\n\t\t\t\t\t\t<div class=\"elementor-element elementor-element-9bbb283 elementor-widget elementor-widget-heading\" data-id=\"9bbb283\" data-element_type=\"widget\" data-e-type=\"widget\" data-widget_type=\"heading.default\">\n\t\t\t\t\t<h2 class=\"elementor-heading-title elementor-size-default\">Transformation<\/h2>\t\t\t\t<\/div>\n\t\t\t\t<div class=\"elementor-element elementor-element-eb84d12 elementor-widget elementor-widget-image\" data-id=\"eb84d12\" data-element_type=\"widget\" data-e-type=\"widget\" data-widget_type=\"image.default\">\n\t\t\t\t\t\t\t\t\t\t\t\t\t\t\t\t<a href=\"https:\/\/xl-hop.com\/index.php\/formation\/transformation-2\">\n\t\t\t\t\t\t\t<img fetchpriority=\"high\" decoding=\"async\" width=\"300\" height=\"300\" src=\"https:\/\/xl-hop.com\/wp-content\/uploads\/2026\/02\/XL_Hop-Visuel_Site-Transformation-300x300.webp\" class=\"attachment-medium size-medium wp-image-3327\" alt=\"\" srcset=\"https:\/\/xl-hop.com\/wp-content\/uploads\/2026\/02\/XL_Hop-Visuel_Site-Transformation-300x300.webp 300w, https:\/\/xl-hop.com\/wp-content\/uploads\/2026\/02\/XL_Hop-Visuel_Site-Transformation-1024x1024.webp 1024w, https:\/\/xl-hop.com\/wp-content\/uploads\/2026\/02\/XL_Hop-Visuel_Site-Transformation-150x150.webp 150w, https:\/\/xl-hop.com\/wp-content\/uploads\/2026\/02\/XL_Hop-Visuel_Site-Transformation-768x768.webp 768w, https:\/\/xl-hop.com\/wp-content\/uploads\/2026\/02\/XL_Hop-Visuel_Site-Transformation-1536x1536.webp 1536w, https:\/\/xl-hop.com\/wp-content\/uploads\/2026\/02\/XL_Hop-Visuel_Site-Transformation.webp 1920w\" sizes=\"(max-width: 300px) 100vw, 300px\" \/>\t\t\t\t\t\t\t\t<\/a>\n\t\t\t\t\t\t\t\t\t\t\t\t\t\t\t<\/div>\n\t\t\t\t<div class=\"elementor-element elementor-element-f85c0fa elementor-widget elementor-widget-text-editor\" data-id=\"f85c0fa\" data-element_type=\"widget\" data-e-type=\"widget\" data-widget_type=\"text-editor.default\">\n\t\t\t\t\t\t\t\t\t<p><span style=\"text-align: justify; color: var( --e-global-color-text ); font-family: var( --e-global-typography-text-font-family ), Sans-serif; font-weight: var( --e-global-typography-text-font-weight ); font-size: 1rem;\">Formations li\u00e9es \u00e0 la gestion de projet, l&#8217;agilit\u00e9 et toute probl\u00e9matique de transformation<\/span><\/p>\t\t\t\t\t\t\t\t<\/div>\n\t\t\t\t\t<\/div>\n\t\t<\/div>\n\t\t\t\t<div class=\"elementor-column elementor-col-33 elementor-top-column elementor-element elementor-element-2dc3c72\" data-id=\"2dc3c72\" data-element_type=\"column\" data-e-type=\"column\">\n\t\t\t<div class=\"elementor-widget-wrap elementor-element-populated\">\n\t\t\t\t\t\t<div class=\"elementor-element elementor-element-16f49b8 elementor-widget elementor-widget-heading\" data-id=\"16f49b8\" data-element_type=\"widget\" data-e-type=\"widget\" data-widget_type=\"heading.default\">\n\t\t\t\t\t<h2 class=\"elementor-heading-title elementor-size-default\">Excellence<\/h2>\t\t\t\t<\/div>\n\t\t\t\t<div class=\"elementor-element elementor-element-ec70bdb elementor-widget elementor-widget-image\" data-id=\"ec70bdb\" data-element_type=\"widget\" data-e-type=\"widget\" data-widget_type=\"image.default\">\n\t\t\t\t\t\t\t\t\t\t\t\t\t\t\t\t<a href=\"https:\/\/xl-hop.com\/index.php\/formation\/excellence-2\/\">\n\t\t\t\t\t\t\t<img decoding=\"async\" width=\"300\" height=\"300\" src=\"https:\/\/xl-hop.com\/wp-content\/uploads\/2026\/02\/XL_Hop-Visuel_Site-Excellence-300x300.webp\" class=\"attachment-medium size-medium wp-image-3328\" alt=\"\" srcset=\"https:\/\/xl-hop.com\/wp-content\/uploads\/2026\/02\/XL_Hop-Visuel_Site-Excellence-300x300.webp 300w, https:\/\/xl-hop.com\/wp-content\/uploads\/2026\/02\/XL_Hop-Visuel_Site-Excellence-1024x1024.webp 1024w, https:\/\/xl-hop.com\/wp-content\/uploads\/2026\/02\/XL_Hop-Visuel_Site-Excellence-150x150.webp 150w, https:\/\/xl-hop.com\/wp-content\/uploads\/2026\/02\/XL_Hop-Visuel_Site-Excellence-768x768.webp 768w, https:\/\/xl-hop.com\/wp-content\/uploads\/2026\/02\/XL_Hop-Visuel_Site-Excellence-1536x1536.webp 1536w, https:\/\/xl-hop.com\/wp-content\/uploads\/2026\/02\/XL_Hop-Visuel_Site-Excellence.webp 1920w\" sizes=\"(max-width: 300px) 100vw, 300px\" \/>\t\t\t\t\t\t\t\t<\/a>\n\t\t\t\t\t\t\t\t\t\t\t\t\t\t\t<\/div>\n\t\t\t\t<div class=\"elementor-element elementor-element-288ccf2 elementor-widget elementor-widget-text-editor\" data-id=\"288ccf2\" data-element_type=\"widget\" data-e-type=\"widget\" data-widget_type=\"text-editor.default\">\n\t\t\t\t\t\t\t\t\t<p><span style=\"text-align: justify; color: var( --e-global-color-text ); font-family: var( --e-global-typography-text-font-family ), Sans-serif; font-weight: var( --e-global-typography-text-font-weight ); font-size: 1rem;\">Formations relatives aux d\u00e9marches qualit\u00e9 mais aussi au d\u00e9veloppement op\u00e9rationnel<\/span><\/p>\t\t\t\t\t\t\t\t<\/div>\n\t\t\t\t\t<\/div>\n\t\t<\/div>\n\t\t\t\t<div class=\"elementor-column elementor-col-33 elementor-top-column elementor-element elementor-element-953bcbb\" data-id=\"953bcbb\" data-element_type=\"column\" data-e-type=\"column\">\n\t\t\t<div class=\"elementor-widget-wrap elementor-element-populated\">\n\t\t\t\t\t\t<div class=\"elementor-element elementor-element-062c107 elementor-widget elementor-widget-heading\" data-id=\"062c107\" data-element_type=\"widget\" data-e-type=\"widget\" data-widget_type=\"heading.default\">\n\t\t\t\t\t<h2 class=\"elementor-heading-title elementor-size-default\">Innovation<\/h2>\t\t\t\t<\/div>\n\t\t\t\t<div class=\"elementor-element elementor-element-c886370 elementor-widget elementor-widget-image\" data-id=\"c886370\" data-element_type=\"widget\" data-e-type=\"widget\" data-widget_type=\"image.default\">\n\t\t\t\t\t\t\t\t\t\t\t\t\t\t\t\t<a href=\"https:\/\/xl-hop.com\/index.php\/formation\/innovation-2\/\">\n\t\t\t\t\t\t\t<img decoding=\"async\" width=\"300\" height=\"300\" src=\"https:\/\/xl-hop.com\/wp-content\/uploads\/2026\/02\/XL_Hop-Visuel_Site-Innovation-300x300.webp\" class=\"attachment-medium size-medium wp-image-3329\" alt=\"\" srcset=\"https:\/\/xl-hop.com\/wp-content\/uploads\/2026\/02\/XL_Hop-Visuel_Site-Innovation-300x300.webp 300w, https:\/\/xl-hop.com\/wp-content\/uploads\/2026\/02\/XL_Hop-Visuel_Site-Innovation-1024x1024.webp 1024w, https:\/\/xl-hop.com\/wp-content\/uploads\/2026\/02\/XL_Hop-Visuel_Site-Innovation-150x150.webp 150w, https:\/\/xl-hop.com\/wp-content\/uploads\/2026\/02\/XL_Hop-Visuel_Site-Innovation-768x768.webp 768w, https:\/\/xl-hop.com\/wp-content\/uploads\/2026\/02\/XL_Hop-Visuel_Site-Innovation-1536x1536.webp 1536w, https:\/\/xl-hop.com\/wp-content\/uploads\/2026\/02\/XL_Hop-Visuel_Site-Innovation.webp 1920w\" sizes=\"(max-width: 300px) 100vw, 300px\" \/>\t\t\t\t\t\t\t\t<\/a>\n\t\t\t\t\t\t\t\t\t\t\t\t\t\t\t<\/div>\n\t\t\t\t<div class=\"elementor-element elementor-element-2eb1676 elementor-widget elementor-widget-text-editor\" data-id=\"2eb1676\" data-element_type=\"widget\" data-e-type=\"widget\" data-widget_type=\"text-editor.default\">\n\t\t\t\t\t\t\t\t\t<p><span style=\"text-align: justify; color: var( --e-global-color-text ); font-family: var( --e-global-typography-text-font-family ), Sans-serif; font-weight: var( --e-global-typography-text-font-weight ); font-size: 1rem;\">Formations li\u00e9es \u00e0 l&#8217;exp\u00e9rience utilisateur, au design&nbsp;ainsi qu&#8217;aux jeux d&#8217;innovation<\/span><\/p>\t\t\t\t\t\t\t\t<\/div>\n\t\t\t\t\t<\/div>\n\t\t<\/div>\n\t\t\t\t\t<\/div>\n\t\t<\/section>\n\t\t\t\t<section class=\"elementor-section elementor-top-section elementor-element elementor-element-4515a19 elementor-section-boxed elementor-section-height-default elementor-section-height-default\" data-id=\"4515a19\" data-element_type=\"section\" data-e-type=\"section\">\n\t\t\t\t\t\t<div class=\"elementor-container elementor-column-gap-default\">\n\t\t\t\t\t<div class=\"elementor-column elementor-col-100 elementor-top-column elementor-element elementor-element-518b724\" data-id=\"518b724\" data-element_type=\"column\" data-e-type=\"column\">\n\t\t\t<div class=\"elementor-widget-wrap elementor-element-populated\">\n\t\t\t\t\t\t<div class=\"elementor-element elementor-element-6e78c8f elementor-widget elementor-widget-heading\" data-id=\"6e78c8f\" data-element_type=\"widget\" data-e-type=\"widget\" data-widget_type=\"heading.default\">\n\t\t\t\t\t<h2 class=\"elementor-heading-title elementor-size-default\">Notre catalogue de formation<\/h2>\t\t\t\t<\/div>\n\t\t\t\t<div class=\"elementor-element elementor-element-66355dd elementor-widget elementor-widget-image\" data-id=\"66355dd\" data-element_type=\"widget\" data-e-type=\"widget\" data-widget_type=\"image.default\">\n\t\t\t\t\t\t\t\t\t\t\t\t\t\t\t\t<a href=\"https:\/\/xl-hop.com\/wp-content\/uploads\/2026\/02\/XL_HOP-Catalogue_de_Formations-2024-1.pdf\" target=\"_blank\">\n\t\t\t\t\t\t\t<img loading=\"lazy\" decoding=\"async\" width=\"150\" height=\"150\" src=\"https:\/\/xl-hop.com\/wp-content\/uploads\/2026\/02\/XL_Hop-Visuel_Site-Catalogue_de_Formation-150x150.webp\" class=\"attachment-thumbnail size-thumbnail wp-image-3338\" alt=\"\" srcset=\"https:\/\/xl-hop.com\/wp-content\/uploads\/2026\/02\/XL_Hop-Visuel_Site-Catalogue_de_Formation-150x150.webp 150w, https:\/\/xl-hop.com\/wp-content\/uploads\/2026\/02\/XL_Hop-Visuel_Site-Catalogue_de_Formation-300x300.webp 300w, https:\/\/xl-hop.com\/wp-content\/uploads\/2026\/02\/XL_Hop-Visuel_Site-Catalogue_de_Formation-1024x1024.webp 1024w, https:\/\/xl-hop.com\/wp-content\/uploads\/2026\/02\/XL_Hop-Visuel_Site-Catalogue_de_Formation-768x768.webp 768w, https:\/\/xl-hop.com\/wp-content\/uploads\/2026\/02\/XL_Hop-Visuel_Site-Catalogue_de_Formation-1536x1536.webp 1536w, https:\/\/xl-hop.com\/wp-content\/uploads\/2026\/02\/XL_Hop-Visuel_Site-Catalogue_de_Formation.webp 1920w\" sizes=\"(max-width: 150px) 100vw, 150px\" \/>\t\t\t\t\t\t\t\t<\/a>\n\t\t\t\t\t\t\t\t\t\t\t\t\t\t\t<\/div>\n\t\t\t\t\t<\/div>\n\t\t<\/div>\n\t\t\t\t\t<\/div>\n\t\t<\/section>\n\t\t\t\t<section class=\"elementor-section elementor-top-section elementor-element elementor-element-73b999f elementor-section-boxed elementor-section-height-default elementor-section-height-default\" data-id=\"73b999f\" data-element_type=\"section\" data-e-type=\"section\">\n\t\t\t\t\t\t<div class=\"elementor-container elementor-column-gap-default\">\n\t\t\t\t\t<div class=\"elementor-column elementor-col-100 elementor-top-column elementor-element elementor-element-fc45187\" data-id=\"fc45187\" data-element_type=\"column\" data-e-type=\"column\">\n\t\t\t<div class=\"elementor-widget-wrap elementor-element-populated\">\n\t\t\t\t\t\t<div class=\"elementor-element elementor-element-3667f1e elementor-widget elementor-widget-heading\" data-id=\"3667f1e\" data-element_type=\"widget\" data-e-type=\"widget\" data-widget_type=\"heading.default\">\n\t\t\t\t\t<h2 class=\"elementor-heading-title elementor-size-default\">Envie d'en savoir plus ?<\/h2>\t\t\t\t<\/div>\n\t\t\t\t<div class=\"elementor-element elementor-element-95a13d3 elementor-align-center elementor-widget elementor-widget-button\" data-id=\"95a13d3\" data-element_type=\"widget\" data-e-type=\"widget\" data-widget_type=\"button.default\">\n\t\t\t\t\t\t\t\t\t\t<a class=\"elementor-button elementor-button-link elementor-size-sm\" href=\"https:\/\/xl-hop.com\/index.php\/contact\/\">\n\t\t\t\t\t\t<span class=\"elementor-button-content-wrapper\">\n\t\t\t\t\t\t\t\t\t<span class=\"elementor-button-text\">Contactez-nous<\/span>\n\t\t\t\t\t<\/span>\n\t\t\t\t\t<\/a>\n\t\t\t\t\t\t\t\t<\/div>\n\t\t\t\t\t<\/div>\n\t\t<\/div>\n\t\t\t\t\t<\/div>\n\t\t<\/section>\n\t\t\t\t<section class=\"elementor-section elementor-top-section elementor-element elementor-element-3afd9f0 elementor-section-boxed elementor-section-height-default elementor-section-height-default\" data-id=\"3afd9f0\" data-element_type=\"section\" data-e-type=\"section\">\n\t\t\t\t\t\t<div class=\"elementor-container elementor-column-gap-default\">\n\t\t\t\t\t<div class=\"elementor-column elementor-col-100 elementor-top-column elementor-element elementor-element-5f4e2ce\" data-id=\"5f4e2ce\" data-element_type=\"column\" data-e-type=\"column\">\n\t\t\t<div class=\"elementor-widget-wrap elementor-element-populated\">\n\t\t\t\t\t\t<div class=\"elementor-element elementor-element-31ad15f elementor-widget__width-initial elementor-widget elementor-widget-text-editor\" data-id=\"31ad15f\" data-element_type=\"widget\" data-e-type=\"widget\" data-widget_type=\"text-editor.default\">\n\t\t\t\t\t\t\t\t\t<p><i>&#8220;Une connaissance acquise ne devient vivante que si on l&#8217;a repens\u00e9e par soi-m\u00eame&#8221; (Selim A\u00efssel)<\/i><\/p>\t\t\t\t\t\t\t\t<\/div>\n\t\t\t\t\t<\/div>\n\t\t<\/div>\n\t\t\t\t\t<\/div>\n\t\t<\/section>\n\t\t\t\t<\/div>\n\t\t","protected":false},"excerpt":{"rendered":"<p>LA FORMATION Nos formations se r\u00e9partissent en 3 th\u00e9matiques principales Transformation Formations li\u00e9es \u00e0 la gestion de projet, l&#8217;agilit\u00e9 et toute probl\u00e9matique de transformation Excellence Formations relatives aux d\u00e9marches qualit\u00e9 mais aussi au d\u00e9veloppement op\u00e9rationnel Innovation Formations li\u00e9es \u00e0 l&#8217;exp\u00e9rience utilisateur, au design&nbsp;ainsi qu&#8217;aux jeux d&#8217;innovation Notre catalogue de formation Envie d&#8217;en savoir plus ? [&hellip;]<\/p>\n","protected":false},"author":1,"featured_media":0,"parent":0,"menu_order":0,"comment_status":"closed","ping_status":"closed","template":"","meta":{"footnotes":""},"class_list":["post-191","page","type-page","status-publish","hentry"],"_links":{"self":[{"href":"https:\/\/xl-hop.com\/index.php\/wp-json\/wp\/v2\/pages\/191","targetHints":{"allow":["GET"]}}],"collection":[{"href":"https:\/\/xl-hop.com\/index.php\/wp-json\/wp\/v2\/pages"}],"about":[{"href":"https:\/\/xl-hop.com\/index.php\/wp-json\/wp\/v2\/types\/page"}],"author":[{"embeddable":true,"href":"https:\/\/xl-hop.com\/index.php\/wp-json\/wp\/v2\/users\/1"}],"replies":[{"embeddable":true,"href":"https:\/\/xl-hop.com\/index.php\/wp-json\/wp\/v2\/comments?post=191"}],"version-history":[{"count":432,"href":"https:\/\/xl-hop.com\/index.php\/wp-json\/wp\/v2\/pages\/191\/revisions"}],"predecessor-version":[{"id":3430,"href":"https:\/\/xl-hop.com\/index.php\/wp-json\/wp\/v2\/pages\/191\/revisions\/3430"}],"wp:attachment":[{"href":"https:\/\/xl-hop.com\/index.php\/wp-json\/wp\/v2\/media?parent=191"}],"curies":[{"name":"wp","href":"https:\/\/api.w.org\/{rel}","templated":true}]}}